{"id":304,"date":"2025-03-03T16:06:06","date_gmt":"2025-03-03T15:06:06","guid":{"rendered":"https:\/\/galafarm.hu\/?post_type=product&#038;p=304"},"modified":"2025-03-03T16:06:06","modified_gmt":"2025-03-03T15:06:06","slug":"teljes-kiorlesu-sajtos-taller","status":"publish","type":"product","link":"https:\/\/galafarm.hu\/index.php\/termek\/teljes-kiorlesu-sajtos-taller\/","title":{"rendered":"Teljes ki\u0151rl\u00e9s\u0171 sajtos tall\u00e9r"},"content":{"rendered":"<p>Ropog\u00f3s h\u00e1zi sajtos tall\u00e9r teljes ki\u0151rl\u00e9s\u0171 lisztb\u0151l<\/p>\n","protected":false},"excerpt":{"rendered":"<p>Ropog\u00f3s h\u00e1zi sajtos tall\u00e9r teljes ki\u0151rl\u00e9s\u0171 lisztb\u0151l<\/p>\n","protected":false},"featured_media":305,"comment_status":"open","ping_status":"closed","template":"","meta":[],"product_brand":[],"product_cat":[17],"product_tag":[],"class_list":{"0":"post-304","1":"product","2":"type-product","3":"status-publish","4":"has-post-thumbnail","6":"product_cat-egyeb","8":"first","9":"instock","10":"shipping-taxable","11":"product-type-simple"},"yoast_head":"<!-- This site is optimized with the Yoast SEO plugin v24.5 - https:\/\/yoast.com\/wordpress\/plugins\/seo\/ -->\n<title>Teljes ki\u0151rl\u00e9s\u0171 sajtos tall\u00e9r - Galafarm<\/title>\n<meta name=\"robots\" content=\"index, follow, max-snippet:-1, max-image-preview:large, max-video-preview:-1\" \/>\n<link rel=\"canonical\" href=\"https:\/\/galafarm.hu\/index.php\/termek\/teljes-kiorlesu-sajtos-taller\/\" \/>\n<meta property=\"og:locale\" content=\"hu_HU\" \/>\n<meta property=\"og:type\" content=\"article\" \/>\n<meta property=\"og:title\" content=\"Teljes ki\u0151rl\u00e9s\u0171 sajtos tall\u00e9r - Galafarm\" \/>\n<meta property=\"og:description\" content=\"Ropog\u00f3s h\u00e1zi sajtos tall\u00e9r teljes ki\u0151rl\u00e9s\u0171 lisztb\u0151l\" \/>\n<meta property=\"og:url\" content=\"https:\/\/galafarm.hu\/index.php\/termek\/teljes-kiorlesu-sajtos-taller\/\" \/>\n<meta property=\"og:site_name\" content=\"Galafarm\" \/>\n<meta property=\"og:image\" content=\"https:\/\/galafarm.hu\/wp-content\/uploads\/2025\/03\/tk-taller.jpeg\" \/>\n\t<meta property=\"og:image:width\" content=\"1536\" \/>\n\t<meta property=\"og:image:height\" content=\"2048\" \/>\n\t<meta property=\"og:image:type\" content=\"image\/jpeg\" \/>\n<meta name=\"twitter:card\" content=\"summary_large_image\" \/>\n<meta name=\"twitter:label1\" content=\"Becs\u00fclt olvas\u00e1si id\u0151\" \/>\n\t<meta name=\"twitter:data1\" content=\"1 perc\" \/>\n<script type=\"application\/ld+json\" class=\"yoast-schema-graph\">{\"@context\":\"https:\/\/schema.org\",\"@graph\":[{\"@type\":\"WebPage\",\"@id\":\"https:\/\/galafarm.hu\/index.php\/termek\/teljes-kiorlesu-sajtos-taller\/\",\"url\":\"https:\/\/galafarm.hu\/index.php\/termek\/teljes-kiorlesu-sajtos-taller\/\",\"name\":\"Teljes ki\u0151rl\u00e9s\u0171 sajtos tall\u00e9r - Galafarm\",\"isPartOf\":{\"@id\":\"https:\/\/galafarm.hu\/#website\"},\"primaryImageOfPage\":{\"@id\":\"https:\/\/galafarm.hu\/index.php\/termek\/teljes-kiorlesu-sajtos-taller\/#primaryimage\"},\"image\":{\"@id\":\"https:\/\/galafarm.hu\/index.php\/termek\/teljes-kiorlesu-sajtos-taller\/#primaryimage\"},\"thumbnailUrl\":\"https:\/\/galafarm.hu\/wp-content\/uploads\/2025\/03\/tk-taller.jpeg\",\"datePublished\":\"2025-03-03T15:06:06+00:00\",\"breadcrumb\":{\"@id\":\"https:\/\/galafarm.hu\/index.php\/termek\/teljes-kiorlesu-sajtos-taller\/#breadcrumb\"},\"inLanguage\":\"hu\",\"potentialAction\":[{\"@type\":\"ReadAction\",\"target\":[\"https:\/\/galafarm.hu\/index.php\/termek\/teljes-kiorlesu-sajtos-taller\/\"]}]},{\"@type\":\"ImageObject\",\"inLanguage\":\"hu\",\"@id\":\"https:\/\/galafarm.hu\/index.php\/termek\/teljes-kiorlesu-sajtos-taller\/#primaryimage\",\"url\":\"https:\/\/galafarm.hu\/wp-content\/uploads\/2025\/03\/tk-taller.jpeg\",\"contentUrl\":\"https:\/\/galafarm.hu\/wp-content\/uploads\/2025\/03\/tk-taller.jpeg\",\"width\":1536,\"height\":2048},{\"@type\":\"BreadcrumbList\",\"@id\":\"https:\/\/galafarm.hu\/index.php\/termek\/teljes-kiorlesu-sajtos-taller\/#breadcrumb\",\"itemListElement\":[{\"@type\":\"ListItem\",\"position\":1,\"name\":\"Kezd\u0151lap\",\"item\":\"https:\/\/galafarm.hu\/\"},{\"@type\":\"ListItem\",\"position\":2,\"name\":\"Shop\",\"item\":\"https:\/\/galafarm.hu\/index.php\/uzlet\/\"},{\"@type\":\"ListItem\",\"position\":3,\"name\":\"Teljes ki\u0151rl\u00e9s\u0171 sajtos tall\u00e9r\"}]},{\"@type\":\"WebSite\",\"@id\":\"https:\/\/galafarm.hu\/#website\",\"url\":\"https:\/\/galafarm.hu\/\",\"name\":\"Galafarm\",\"description\":\"T\u0151l\u00fcnk, Neked\",\"publisher\":{\"@id\":\"https:\/\/galafarm.hu\/#\/schema\/person\/91288b9510f90ea17aa896eda5a9e12c\"},\"potentialAction\":[{\"@type\":\"SearchAction\",\"target\":{\"@type\":\"EntryPoint\",\"urlTemplate\":\"https:\/\/galafarm.hu\/?s={search_term_string}\"},\"query-input\":{\"@type\":\"PropertyValueSpecification\",\"valueRequired\":true,\"valueName\":\"search_term_string\"}}],\"inLanguage\":\"hu\"},{\"@type\":[\"Person\",\"Organization\"],\"@id\":\"https:\/\/galafarm.hu\/#\/schema\/person\/91288b9510f90ea17aa896eda5a9e12c\",\"name\":\"laszlo.lajos\",\"image\":{\"@type\":\"ImageObject\",\"inLanguage\":\"hu\",\"@id\":\"https:\/\/galafarm.hu\/#\/schema\/person\/image\/\",\"url\":\"https:\/\/galafarm.hu\/wp-content\/uploads\/2025\/02\/cropped-cropped-gf_log-e1740596265714.png\",\"contentUrl\":\"https:\/\/galafarm.hu\/wp-content\/uploads\/2025\/02\/cropped-cropped-gf_log-e1740596265714.png\",\"width\":137,\"height\":190,\"caption\":\"laszlo.lajos\"},\"logo\":{\"@id\":\"https:\/\/galafarm.hu\/#\/schema\/person\/image\/\"}}]}<\/script>\n<!-- \/ Yoast SEO plugin. -->","yoast_head_json":{"title":"Teljes ki\u0151rl\u00e9s\u0171 sajtos tall\u00e9r - Galafarm","robots":{"index":"index","follow":"follow","max-snippet":"max-snippet:-1","max-image-preview":"max-image-preview:large","max-video-preview":"max-video-preview:-1"},"canonical":"https:\/\/galafarm.hu\/index.php\/termek\/teljes-kiorlesu-sajtos-taller\/","og_locale":"hu_HU","og_type":"article","og_title":"Teljes ki\u0151rl\u00e9s\u0171 sajtos tall\u00e9r - Galafarm","og_description":"Ropog\u00f3s h\u00e1zi sajtos tall\u00e9r teljes ki\u0151rl\u00e9s\u0171 lisztb\u0151l","og_url":"https:\/\/galafarm.hu\/index.php\/termek\/teljes-kiorlesu-sajtos-taller\/","og_site_name":"Galafarm","og_image":[{"width":1536,"height":2048,"url":"https:\/\/galafarm.hu\/wp-content\/uploads\/2025\/03\/tk-taller.jpeg","type":"image\/jpeg"}],"twitter_card":"summary_large_image","twitter_misc":{"Becs\u00fclt olvas\u00e1si id\u0151":"1 perc"},"schema":{"@context":"https:\/\/schema.org","@graph":[{"@type":"WebPage","@id":"https:\/\/galafarm.hu\/index.php\/termek\/teljes-kiorlesu-sajtos-taller\/","url":"https:\/\/galafarm.hu\/index.php\/termek\/teljes-kiorlesu-sajtos-taller\/","name":"Teljes ki\u0151rl\u00e9s\u0171 sajtos tall\u00e9r - Galafarm","isPartOf":{"@id":"https:\/\/galafarm.hu\/#website"},"primaryImageOfPage":{"@id":"https:\/\/galafarm.hu\/index.php\/termek\/teljes-kiorlesu-sajtos-taller\/#primaryimage"},"image":{"@id":"https:\/\/galafarm.hu\/index.php\/termek\/teljes-kiorlesu-sajtos-taller\/#primaryimage"},"thumbnailUrl":"https:\/\/galafarm.hu\/wp-content\/uploads\/2025\/03\/tk-taller.jpeg","datePublished":"2025-03-03T15:06:06+00:00","breadcrumb":{"@id":"https:\/\/galafarm.hu\/index.php\/termek\/teljes-kiorlesu-sajtos-taller\/#breadcrumb"},"inLanguage":"hu","potentialAction":[{"@type":"ReadAction","target":["https:\/\/galafarm.hu\/index.php\/termek\/teljes-kiorlesu-sajtos-taller\/"]}]},{"@type":"ImageObject","inLanguage":"hu","@id":"https:\/\/galafarm.hu\/index.php\/termek\/teljes-kiorlesu-sajtos-taller\/#primaryimage","url":"https:\/\/galafarm.hu\/wp-content\/uploads\/2025\/03\/tk-taller.jpeg","contentUrl":"https:\/\/galafarm.hu\/wp-content\/uploads\/2025\/03\/tk-taller.jpeg","width":1536,"height":2048},{"@type":"BreadcrumbList","@id":"https:\/\/galafarm.hu\/index.php\/termek\/teljes-kiorlesu-sajtos-taller\/#breadcrumb","itemListElement":[{"@type":"ListItem","position":1,"name":"Kezd\u0151lap","item":"https:\/\/galafarm.hu\/"},{"@type":"ListItem","position":2,"name":"Shop","item":"https:\/\/galafarm.hu\/index.php\/uzlet\/"},{"@type":"ListItem","position":3,"name":"Teljes ki\u0151rl\u00e9s\u0171 sajtos tall\u00e9r"}]},{"@type":"WebSite","@id":"https:\/\/galafarm.hu\/#website","url":"https:\/\/galafarm.hu\/","name":"Galafarm","description":"T\u0151l\u00fcnk, Neked","publisher":{"@id":"https:\/\/galafarm.hu\/#\/schema\/person\/91288b9510f90ea17aa896eda5a9e12c"},"potentialAction":[{"@type":"SearchAction","target":{"@type":"EntryPoint","urlTemplate":"https:\/\/galafarm.hu\/?s={search_term_string}"},"query-input":{"@type":"PropertyValueSpecification","valueRequired":true,"valueName":"search_term_string"}}],"inLanguage":"hu"},{"@type":["Person","Organization"],"@id":"https:\/\/galafarm.hu\/#\/schema\/person\/91288b9510f90ea17aa896eda5a9e12c","name":"laszlo.lajos","image":{"@type":"ImageObject","inLanguage":"hu","@id":"https:\/\/galafarm.hu\/#\/schema\/person\/image\/","url":"https:\/\/galafarm.hu\/wp-content\/uploads\/2025\/02\/cropped-cropped-gf_log-e1740596265714.png","contentUrl":"https:\/\/galafarm.hu\/wp-content\/uploads\/2025\/02\/cropped-cropped-gf_log-e1740596265714.png","width":137,"height":190,"caption":"laszlo.lajos"},"logo":{"@id":"https:\/\/galafarm.hu\/#\/schema\/person\/image\/"}}]}},"jetpack_sharing_enabled":true,"_links":{"self":[{"href":"https:\/\/galafarm.hu\/index.php\/wp-json\/wp\/v2\/product\/304","targetHints":{"allow":["GET"]}}],"collection":[{"href":"https:\/\/galafarm.hu\/index.php\/wp-json\/wp\/v2\/product"}],"about":[{"href":"https:\/\/galafarm.hu\/index.php\/wp-json\/wp\/v2\/types\/product"}],"replies":[{"embeddable":true,"href":"https:\/\/galafarm.hu\/index.php\/wp-json\/wp\/v2\/comments?post=304"}],"wp:featuredmedia":[{"embeddable":true,"href":"https:\/\/galafarm.hu\/index.php\/wp-json\/wp\/v2\/media\/305"}],"wp:attachment":[{"href":"https:\/\/galafarm.hu\/index.php\/wp-json\/wp\/v2\/media?parent=304"}],"wp:term":[{"taxonomy":"product_brand","embeddable":true,"href":"https:\/\/galafarm.hu\/index.php\/wp-json\/wp\/v2\/product_brand?post=304"},{"taxonomy":"product_cat","embeddable":true,"href":"https:\/\/galafarm.hu\/index.php\/wp-json\/wp\/v2\/product_cat?post=304"},{"taxonomy":"product_tag","embeddable":true,"href":"https:\/\/galafarm.hu\/index.php\/wp-json\/wp\/v2\/product_tag?post=304"}],"curies":[{"name":"wp","href":"https:\/\/api.w.org\/{rel}","templated":true}]}}