{"id":284,"date":"2025-03-03T12:16:06","date_gmt":"2025-03-03T11:16:06","guid":{"rendered":"https:\/\/galafarm.hu\/?post_type=product&#038;p=284"},"modified":"2025-03-04T12:32:18","modified_gmt":"2025-03-04T11:32:18","slug":"sult-szilva","status":"publish","type":"product","link":"https:\/\/galafarm.hu\/index.php\/termek\/sult-szilva\/","title":{"rendered":"S\u00fclt szilva"},"content":{"rendered":"<p>Saj\u00e1t kertb\u0151l szedett szilva, fah\u00e9jjal \u00e9s citrommal megs\u00fctve. T\u00f6k\u00e9letes t\u00e9len egy forr\u00f3 te\u00e1nak, vagy ny\u00e1ron egy friss\u00edt\u0151, hideg gy\u00fcm\u00f6lcste\u00e1nak. Csup\u00e1n Forr\u00f3 v\u00edzzel vagy hideg sz\u00f3d\u00e1val kell fel\u00f6nteni \u00e9s m\u00e1ris fogyaszthat\u00f3.<\/p>\n","protected":false},"excerpt":{"rendered":"<p>Saj\u00e1t kertb\u0151l szedett szilva, fah\u00e9jjal \u00e9s citrommal megs\u00fctve. T\u00f6k\u00e9letes t\u00e9len egy forr\u00f3 te\u00e1nak, vagy ny\u00e1ron egy friss\u00edt\u0151, hideg gy\u00fcm\u00f6lcste\u00e1nak. Csup\u00e1n Forr\u00f3 v\u00edzzel vagy hideg sz\u00f3d\u00e1val kell fel\u00f6nteni \u00e9s m\u00e1ris fogyaszthat\u00f3.<\/p>\n","protected":false},"featured_media":349,"comment_status":"open","ping_status":"closed","template":"","meta":[],"product_brand":[],"product_cat":[17],"product_tag":[],"class_list":{"0":"post-284","1":"product","2":"type-product","3":"status-publish","4":"has-post-thumbnail","6":"product_cat-egyeb","8":"first","9":"instock","10":"shipping-taxable","11":"product-type-simple"},"yoast_head":"<!-- This site is optimized with the Yoast SEO plugin v24.5 - https:\/\/yoast.com\/wordpress\/plugins\/seo\/ -->\n<title>S\u00fclt szilva - Galafarm<\/title>\n<meta name=\"robots\" content=\"index, follow, max-snippet:-1, max-image-preview:large, max-video-preview:-1\" \/>\n<link rel=\"canonical\" href=\"https:\/\/galafarm.hu\/index.php\/termek\/sult-szilva\/\" \/>\n<meta property=\"og:locale\" content=\"hu_HU\" \/>\n<meta property=\"og:type\" content=\"article\" \/>\n<meta property=\"og:title\" content=\"S\u00fclt szilva - Galafarm\" \/>\n<meta property=\"og:description\" content=\"Saj\u00e1t kertb\u0151l szedett szilva, fah\u00e9jjal \u00e9s citrommal megs\u00fctve. T\u00f6k\u00e9letes t\u00e9len egy forr\u00f3 te\u00e1nak, vagy ny\u00e1ron egy friss\u00edt\u0151, hideg gy\u00fcm\u00f6lcste\u00e1nak. Csup\u00e1n Forr\u00f3 v\u00edzzel vagy hideg sz\u00f3d\u00e1val kell fel\u00f6nteni \u00e9s m\u00e1ris fogyaszthat\u00f3.\" \/>\n<meta property=\"og:url\" content=\"https:\/\/galafarm.hu\/index.php\/termek\/sult-szilva\/\" \/>\n<meta property=\"og:site_name\" content=\"Galafarm\" \/>\n<meta property=\"article:modified_time\" content=\"2025-03-04T11:32:18+00:00\" \/>\n<meta property=\"og:image\" content=\"https:\/\/galafarm.hu\/wp-content\/uploads\/2025\/03\/sult-szilva-1-scaled.jpeg\" \/>\n\t<meta property=\"og:image:width\" content=\"1920\" \/>\n\t<meta property=\"og:image:height\" content=\"2560\" \/>\n\t<meta property=\"og:image:type\" content=\"image\/jpeg\" \/>\n<meta name=\"twitter:card\" content=\"summary_large_image\" \/>\n<meta name=\"twitter:label1\" content=\"Becs\u00fclt olvas\u00e1si id\u0151\" \/>\n\t<meta name=\"twitter:data1\" content=\"1 perc\" \/>\n<script type=\"application\/ld+json\" class=\"yoast-schema-graph\">{\"@context\":\"https:\/\/schema.org\",\"@graph\":[{\"@type\":\"WebPage\",\"@id\":\"https:\/\/galafarm.hu\/index.php\/termek\/sult-szilva\/\",\"url\":\"https:\/\/galafarm.hu\/index.php\/termek\/sult-szilva\/\",\"name\":\"S\u00fclt szilva - Galafarm\",\"isPartOf\":{\"@id\":\"https:\/\/galafarm.hu\/#website\"},\"primaryImageOfPage\":{\"@id\":\"https:\/\/galafarm.hu\/index.php\/termek\/sult-szilva\/#primaryimage\"},\"image\":{\"@id\":\"https:\/\/galafarm.hu\/index.php\/termek\/sult-szilva\/#primaryimage\"},\"thumbnailUrl\":\"https:\/\/galafarm.hu\/wp-content\/uploads\/2025\/03\/sult-szilva-1-scaled.jpeg\",\"datePublished\":\"2025-03-03T11:16:06+00:00\",\"dateModified\":\"2025-03-04T11:32:18+00:00\",\"breadcrumb\":{\"@id\":\"https:\/\/galafarm.hu\/index.php\/termek\/sult-szilva\/#breadcrumb\"},\"inLanguage\":\"hu\",\"potentialAction\":[{\"@type\":\"ReadAction\",\"target\":[\"https:\/\/galafarm.hu\/index.php\/termek\/sult-szilva\/\"]}]},{\"@type\":\"ImageObject\",\"inLanguage\":\"hu\",\"@id\":\"https:\/\/galafarm.hu\/index.php\/termek\/sult-szilva\/#primaryimage\",\"url\":\"https:\/\/galafarm.hu\/wp-content\/uploads\/2025\/03\/sult-szilva-1-scaled.jpeg\",\"contentUrl\":\"https:\/\/galafarm.hu\/wp-content\/uploads\/2025\/03\/sult-szilva-1-scaled.jpeg\",\"width\":1920,\"height\":2560},{\"@type\":\"BreadcrumbList\",\"@id\":\"https:\/\/galafarm.hu\/index.php\/termek\/sult-szilva\/#breadcrumb\",\"itemListElement\":[{\"@type\":\"ListItem\",\"position\":1,\"name\":\"Kezd\u0151lap\",\"item\":\"https:\/\/galafarm.hu\/\"},{\"@type\":\"ListItem\",\"position\":2,\"name\":\"Shop\",\"item\":\"https:\/\/galafarm.hu\/index.php\/uzlet\/\"},{\"@type\":\"ListItem\",\"position\":3,\"name\":\"S\u00fclt szilva\"}]},{\"@type\":\"WebSite\",\"@id\":\"https:\/\/galafarm.hu\/#website\",\"url\":\"https:\/\/galafarm.hu\/\",\"name\":\"Galafarm\",\"description\":\"T\u0151l\u00fcnk, Neked\",\"publisher\":{\"@id\":\"https:\/\/galafarm.hu\/#\/schema\/person\/91288b9510f90ea17aa896eda5a9e12c\"},\"potentialAction\":[{\"@type\":\"SearchAction\",\"target\":{\"@type\":\"EntryPoint\",\"urlTemplate\":\"https:\/\/galafarm.hu\/?s={search_term_string}\"},\"query-input\":{\"@type\":\"PropertyValueSpecification\",\"valueRequired\":true,\"valueName\":\"search_term_string\"}}],\"inLanguage\":\"hu\"},{\"@type\":[\"Person\",\"Organization\"],\"@id\":\"https:\/\/galafarm.hu\/#\/schema\/person\/91288b9510f90ea17aa896eda5a9e12c\",\"name\":\"laszlo.lajos\",\"image\":{\"@type\":\"ImageObject\",\"inLanguage\":\"hu\",\"@id\":\"https:\/\/galafarm.hu\/#\/schema\/person\/image\/\",\"url\":\"https:\/\/galafarm.hu\/wp-content\/uploads\/2025\/02\/cropped-cropped-gf_log-e1740596265714.png\",\"contentUrl\":\"https:\/\/galafarm.hu\/wp-content\/uploads\/2025\/02\/cropped-cropped-gf_log-e1740596265714.png\",\"width\":137,\"height\":190,\"caption\":\"laszlo.lajos\"},\"logo\":{\"@id\":\"https:\/\/galafarm.hu\/#\/schema\/person\/image\/\"}}]}<\/script>\n<!-- \/ Yoast SEO plugin. -->","yoast_head_json":{"title":"S\u00fclt szilva - Galafarm","robots":{"index":"index","follow":"follow","max-snippet":"max-snippet:-1","max-image-preview":"max-image-preview:large","max-video-preview":"max-video-preview:-1"},"canonical":"https:\/\/galafarm.hu\/index.php\/termek\/sult-szilva\/","og_locale":"hu_HU","og_type":"article","og_title":"S\u00fclt szilva - Galafarm","og_description":"Saj\u00e1t kertb\u0151l szedett szilva, fah\u00e9jjal \u00e9s citrommal megs\u00fctve. T\u00f6k\u00e9letes t\u00e9len egy forr\u00f3 te\u00e1nak, vagy ny\u00e1ron egy friss\u00edt\u0151, hideg gy\u00fcm\u00f6lcste\u00e1nak. Csup\u00e1n Forr\u00f3 v\u00edzzel vagy hideg sz\u00f3d\u00e1val kell fel\u00f6nteni \u00e9s m\u00e1ris fogyaszthat\u00f3.","og_url":"https:\/\/galafarm.hu\/index.php\/termek\/sult-szilva\/","og_site_name":"Galafarm","article_modified_time":"2025-03-04T11:32:18+00:00","og_image":[{"width":1920,"height":2560,"url":"https:\/\/galafarm.hu\/wp-content\/uploads\/2025\/03\/sult-szilva-1-scaled.jpeg","type":"image\/jpeg"}],"twitter_card":"summary_large_image","twitter_misc":{"Becs\u00fclt olvas\u00e1si id\u0151":"1 perc"},"schema":{"@context":"https:\/\/schema.org","@graph":[{"@type":"WebPage","@id":"https:\/\/galafarm.hu\/index.php\/termek\/sult-szilva\/","url":"https:\/\/galafarm.hu\/index.php\/termek\/sult-szilva\/","name":"S\u00fclt szilva - Galafarm","isPartOf":{"@id":"https:\/\/galafarm.hu\/#website"},"primaryImageOfPage":{"@id":"https:\/\/galafarm.hu\/index.php\/termek\/sult-szilva\/#primaryimage"},"image":{"@id":"https:\/\/galafarm.hu\/index.php\/termek\/sult-szilva\/#primaryimage"},"thumbnailUrl":"https:\/\/galafarm.hu\/wp-content\/uploads\/2025\/03\/sult-szilva-1-scaled.jpeg","datePublished":"2025-03-03T11:16:06+00:00","dateModified":"2025-03-04T11:32:18+00:00","breadcrumb":{"@id":"https:\/\/galafarm.hu\/index.php\/termek\/sult-szilva\/#breadcrumb"},"inLanguage":"hu","potentialAction":[{"@type":"ReadAction","target":["https:\/\/galafarm.hu\/index.php\/termek\/sult-szilva\/"]}]},{"@type":"ImageObject","inLanguage":"hu","@id":"https:\/\/galafarm.hu\/index.php\/termek\/sult-szilva\/#primaryimage","url":"https:\/\/galafarm.hu\/wp-content\/uploads\/2025\/03\/sult-szilva-1-scaled.jpeg","contentUrl":"https:\/\/galafarm.hu\/wp-content\/uploads\/2025\/03\/sult-szilva-1-scaled.jpeg","width":1920,"height":2560},{"@type":"BreadcrumbList","@id":"https:\/\/galafarm.hu\/index.php\/termek\/sult-szilva\/#breadcrumb","itemListElement":[{"@type":"ListItem","position":1,"name":"Kezd\u0151lap","item":"https:\/\/galafarm.hu\/"},{"@type":"ListItem","position":2,"name":"Shop","item":"https:\/\/galafarm.hu\/index.php\/uzlet\/"},{"@type":"ListItem","position":3,"name":"S\u00fclt szilva"}]},{"@type":"WebSite","@id":"https:\/\/galafarm.hu\/#website","url":"https:\/\/galafarm.hu\/","name":"Galafarm","description":"T\u0151l\u00fcnk, Neked","publisher":{"@id":"https:\/\/galafarm.hu\/#\/schema\/person\/91288b9510f90ea17aa896eda5a9e12c"},"potentialAction":[{"@type":"SearchAction","target":{"@type":"EntryPoint","urlTemplate":"https:\/\/galafarm.hu\/?s={search_term_string}"},"query-input":{"@type":"PropertyValueSpecification","valueRequired":true,"valueName":"search_term_string"}}],"inLanguage":"hu"},{"@type":["Person","Organization"],"@id":"https:\/\/galafarm.hu\/#\/schema\/person\/91288b9510f90ea17aa896eda5a9e12c","name":"laszlo.lajos","image":{"@type":"ImageObject","inLanguage":"hu","@id":"https:\/\/galafarm.hu\/#\/schema\/person\/image\/","url":"https:\/\/galafarm.hu\/wp-content\/uploads\/2025\/02\/cropped-cropped-gf_log-e1740596265714.png","contentUrl":"https:\/\/galafarm.hu\/wp-content\/uploads\/2025\/02\/cropped-cropped-gf_log-e1740596265714.png","width":137,"height":190,"caption":"laszlo.lajos"},"logo":{"@id":"https:\/\/galafarm.hu\/#\/schema\/person\/image\/"}}]}},"jetpack_sharing_enabled":true,"_links":{"self":[{"href":"https:\/\/galafarm.hu\/index.php\/wp-json\/wp\/v2\/product\/284","targetHints":{"allow":["GET"]}}],"collection":[{"href":"https:\/\/galafarm.hu\/index.php\/wp-json\/wp\/v2\/product"}],"about":[{"href":"https:\/\/galafarm.hu\/index.php\/wp-json\/wp\/v2\/types\/product"}],"replies":[{"embeddable":true,"href":"https:\/\/galafarm.hu\/index.php\/wp-json\/wp\/v2\/comments?post=284"}],"wp:featuredmedia":[{"embeddable":true,"href":"https:\/\/galafarm.hu\/index.php\/wp-json\/wp\/v2\/media\/349"}],"wp:attachment":[{"href":"https:\/\/galafarm.hu\/index.php\/wp-json\/wp\/v2\/media?parent=284"}],"wp:term":[{"taxonomy":"product_brand","embeddable":true,"href":"https:\/\/galafarm.hu\/index.php\/wp-json\/wp\/v2\/product_brand?post=284"},{"taxonomy":"product_cat","embeddable":true,"href":"https:\/\/galafarm.hu\/index.php\/wp-json\/wp\/v2\/product_cat?post=284"},{"taxonomy":"product_tag","embeddable":true,"href":"https:\/\/galafarm.hu\/index.php\/wp-json\/wp\/v2\/product_tag?post=284"}],"curies":[{"name":"wp","href":"https:\/\/api.w.org\/{rel}","templated":true}]}}